{"id":2952,"date":"2025-12-25T23:27:59","date_gmt":"2025-12-25T23:27:59","guid":{"rendered":"https:\/\/sasha7.com\/blog\/?page_id=2952"},"modified":"2026-02-02T18:46:43","modified_gmt":"2026-02-02T18:46:43","slug":"sobre-nos","status":"publish","type":"page","link":"https:\/\/sasha7.com\/blog\/sobre-nos\/","title":{"rendered":"Sobre N\u00f3s | Sasha7"},"content":{"rendered":"\n<script type=\"application\/ld+json\">\n{\n  \"@context\": \"https:\/\/schema.org\",\n  \"@type\": \"AboutPage\",\n  \"url\": \"https:\/\/sasha7.com\/brpt\/about\/\",\n  \"name\": \"Sobre a Sasha7\",\n  \"description\": \"Sasha7 \u00e9 uma plataforma de encontros online focada em privacidade, projetada para conex\u00f5es discretas entre adultos consententes. Fundada em 2020, atende principalmente a relacionamentos extraconjugais, al\u00e9m de indiv\u00edduos e casais que buscam rela\u00e7\u00f5es confidenciais e n\u00e3o tradicionais. O servi\u00e7o opera globalmente por meio de plataforma web e aplicativo Android.\",\n  \"mainEntity\": {\n    \"@type\": \"Organization\",\n    \"@id\": \"https:\/\/sasha7.com\/#organization\",\n    \"name\": \"Sasha7\",\n    \"url\": \"https:\/\/sasha7.com\",\n    \"logo\": \"https:\/\/sasha7.com\/images\/logo.png\",\n    \"sameAs\": [\n      \"https:\/\/x.com\/Sasha7_Official\",\n      \"https:\/\/www.linkedin.com\/company\/sasha7\/\",\n      \"https:\/\/www.reddit.com\/r\/sasha7\/\",\n      \"https:\/\/www.youtube.com\/@Sasha7-Media\",\n \"https:\/\/www.wikidata.org\/wiki\/Q134473753\",\n  \"https:\/\/pt.wikipedia.org\/wiki\/Sasha7\"\n    ],\n    \"contactPoint\": {\n      \"@type\": \"ContactPoint\",\n      \"contactType\": \"suporte ao cliente\",\n      \"url\": \"https:\/\/sasha7.com\/blog\/contact\/\",\n      \"availableLanguage\": \"Portuguese\"\n    }\n  },\n  \"publisher\": {\n    \"@type\": \"Organization\",\n    \"@id\": \"https:\/\/sasha7.com\/#organization\",\n    \"logo\": {\n      \"@type\": \"ImageObject\",\n      \"url\": \"https:\/\/sasha7.com\/images\/logo.png\"\n    }\n  },\n  \"inLanguage\": \"pt-BR\"\n}\n<\/script>\n\n\n\n<link rel=\"alternate\" hreflang=\"en\" href=\"https:\/\/sasha7.com\/blog\/about\/\" \/>\n<link rel=\"alternate\" hreflang=\"pt-br\" href=\"https:\/\/sasha7.com\/blog\/sobre-nos\/\" \/>\n<link rel=\"alternate\" hreflang=\"x-default\" href=\"https:\/\/sasha7.com\/blog\/about\/\" \/>\n\n\n\n<h2 class=\"wp-block-heading\"><strong>Casado, mas procurando?<\/strong><\/h2>\n\n\n\n<p>Sasha7 \u00e9 uma plataforma de encontros online focada em privacidade, projetada para conex\u00f5es discretas entre adultos consententes.<\/p>\n\n\n\n<p>Fundada em 2020, a <a href=\"https:\/\/pt.wikipedia.org\/wiki\/Sasha7\" target=\"_blank\" rel=\"noopener\">Sasha7<\/a> \u00e9 mais conhecida como uma plataforma de encontros extraconjugais, criada para pessoas que precisam que a confidencialidade seja uma caracter\u00edstica b\u00e1sica, e n\u00e3o uma op\u00e7\u00e3o. Com o tempo, a plataforma tamb\u00e9m atraiu uma comunidade mais ampla de adultos e casais que valorizam a discri\u00e7\u00e3o, incluindo aqueles que exploram din\u00e2micas de relacionamento n\u00e3o tradicionais fora das normas convencionais de encontros.<\/p>\n\n\n\n<h3 class=\"wp-block-heading\"><strong>Plataforma, Privacidade e Seguran\u00e7a<\/strong><\/h3>\n\n\n\n<p>A Sasha7 opera principalmente nos Estados Unidos, Reino Unido, Austr\u00e1lia, Brasil e Canad\u00e1 por meio de uma plataforma web segura e um aplicativo Android. O servi\u00e7o foi projetado para apoiar conex\u00f5es privadas e intencionais, sem a visibilidade p\u00fablica, exposi\u00e7\u00e3o a redes sociais ou mec\u00e2nicas de algoritmo t\u00edpicas de aplicativos de namoro convencionais.<\/p>\n\n\n\n<p>Para garantir a discri\u00e7\u00e3o por design, a Sasha7 oferece recursos focados em privacidade que d\u00e3o aos usu\u00e1rios controle sobre como e quando suas informa\u00e7\u00f5es s\u00e3o compartilhadas, incluindo:<\/p>\n\n\n\n<ul class=\"wp-block-list\">\n<li>Fotos e notas de voz que desaparecem ap\u00f3s tempo limitado<\/li>\n\n\n\n<li>Galerias de fotos privadas com aprova\u00e7\u00e3o manual de acesso e possibilidade de revoga\u00e7\u00e3o<\/li>\n\n\n\n<li>Ferramentas integradas de edi\u00e7\u00e3o de fotos para anonimizar imagens antes do compartilhamento<\/li>\n\n\n\n<li>Sem exig\u00eancia de n\u00famero de telefone ou conex\u00e3o a redes sociais<\/li>\n\n\n\n<li>Cobran\u00e7a discreta, com descritores neutros que n\u00e3o fazem refer\u00eancia a conte\u00fado adulto ou de namoro<\/li>\n<\/ul>\n\n\n\n<p>Os dados dos usu\u00e1rios s\u00e3o intencionalmente minimizados. A Sasha7 n\u00e3o coleta informa\u00e7\u00f5es pessoais desnecess\u00e1rias e evita identificadores persistentes sempre que poss\u00edvel. Todos os dados em tr\u00e2nsito e armazenados s\u00e3o protegidos com criptografia de 256 bits e infraestrutura web padr\u00e3o da ind\u00fastria.<\/p>\n\n\n\n<p>A plataforma opera em conformidade com o GDPR e outros frameworks de prote\u00e7\u00e3o de dados relacionados. A privacidade \u00e9 tratada como um requisito central do sistema, e n\u00e3o como um recurso opcional.<\/p>\n\n\n\n<p>Os usu\u00e1rios mant\u00eam controle total sobre a visibilidade do perfil, configura\u00e7\u00f5es de comunica\u00e7\u00e3o e dados da conta. N\u00e3o existem mecanismos de engajamento ocultos, correspond\u00eancias for\u00e7adas ou exposi\u00e7\u00e3o autom\u00e1tica de informa\u00e7\u00f5es.<\/p>\n\n\n\n<p>A Sasha7 mant\u00e9m uma comunidade discreta e n\u00e3o julgadora, apoiada por diretrizes claras, modera\u00e7\u00e3o ativa e suporte acess\u00edvel.<\/p>\n\n\n\n<h3 class=\"wp-block-heading\"><strong>Privacidade, Seguran\u00e7a e Modera\u00e7\u00e3o<\/strong><\/h3>\n\n\n\n<p>A discri\u00e7\u00e3o \u00e9 central na forma como a Sasha7 \u00e9 constru\u00edda. A plataforma enfatiza prote\u00e7\u00e3o de dados, anonimato do usu\u00e1rio e pol\u00edticas de privacidade claramente definidas.<\/p>\n\n\n\n<p>Para manter a integridade da plataforma, a Sasha7 combina modera\u00e7\u00e3o assistida por IA com revis\u00e3o humana. Diretrizes comunit\u00e1rias claras e suporte acess\u00edvel ajudam a garantir intera\u00e7\u00f5es respeitosas e baseadas em consentimento entre os membros.<\/p>\n\n\n\n<h3 class=\"wp-block-heading\"><strong>Uma Plataforma Projetada para Relacionamentos Modernos<\/strong><\/h3>\n\n\n\n<p>Relacionamentos modernos n\u00e3o seguem um modelo \u00fanico. A Sasha7 existe para apoiar adultos que buscam alternativas \u00e0s estruturas tradicionais de namoro \u2014 sem estigma, exposi\u00e7\u00e3o ou complexidade desnecess\u00e1ria.<\/p>\n\n\n\n<p>A plataforma prioriza transpar\u00eancia, autonomia do usu\u00e1rio e participa\u00e7\u00e3o respeitosa, permitindo que os membros se conectem com base em interesses e inten\u00e7\u00f5es compartilhadas, em vez de suposi\u00e7\u00f5es algor\u00edtmicas.<\/p>\n\n\n\n<hr class=\"wp-block-separator has-alpha-channel-opacity\"\/>\n\n\n\n<h2 class=\"wp-block-heading\"><strong>Siga o Sasha7 nas Redes Sociais<\/strong><\/h2>\n\n\n\n<ul class=\"wp-block-social-links aligncenter has-normal-icon-size\"><li class=\"wp-social-link wp-social-link-linkedin  wp-block-social-link\"><a rel=\"me noopener\" href=\"https:\/\/www.linkedin.com\/company\/sasha7\/\" class=\"wp-block-social-link-anchor\" target=\"_blank\"><svg width=\"24\" height=\"24\" viewBox=\"0 0 24 24\" version=\"1.1\" xmlns=\"http:\/\/www.w3.org\/2000\/svg\" aria-hidden=\"true\" focusable=\"false\"><path d=\"M19.7,3H4.3C3.582,3,3,3.582,3,4.3v15.4C3,20.418,3.582,21,4.3,21h15.4c0.718,0,1.3-0.582,1.3-1.3V4.3 C21,3.582,20.418,3,19.7,3z M8.339,18.338H5.667v-8.59h2.672V18.338z M7.004,8.574c-0.857,0-1.549-0.694-1.549-1.548 c0-0.855,0.691-1.548,1.549-1.548c0.854,0,1.547,0.694,1.547,1.548C8.551,7.881,7.858,8.574,7.004,8.574z M18.339,18.338h-2.669 v-4.177c0-0.996-0.017-2.278-1.387-2.278c-1.389,0-1.601,1.086-1.601,2.206v4.249h-2.667v-8.59h2.559v1.174h0.037 c0.356-0.675,1.227-1.387,2.526-1.387c2.703,0,3.203,1.779,3.203,4.092V18.338z\"><\/path><\/svg><span class=\"wp-block-social-link-label screen-reader-text\">LinkedIn<\/span><\/a><\/li>\n\n<li class=\"wp-social-link wp-social-link-reddit  wp-block-social-link\"><a rel=\"me noopener\" href=\"https:\/\/www.reddit.com\/r\/sasha7\/\" class=\"wp-block-social-link-anchor\" target=\"_blank\"><svg width=\"24\" height=\"24\" viewBox=\"0 0 24 24\" version=\"1.1\" xmlns=\"http:\/\/www.w3.org\/2000\/svg\" aria-hidden=\"true\" focusable=\"false\"><path d=\"M5.27 9.221A2.775 2.775 0 0 0 2.498 11.993a2.785 2.785 0 0 0 1.6 2.511 5.337 5.337 0 0 0 2.374 4.11 9.386 9.386 0 0 0 5.539 1.7 9.386 9.386 0 0 0 5.541-1.7 5.331 5.331 0 0 0 2.372-4.114 2.787 2.787 0 0 0 1.583-2.5 2.775 2.775 0 0 0-2.772-2.772 2.742 2.742 0 0 0-1.688.574 9.482 9.482 0 0 0-4.637-1.348v-.008a2.349 2.349 0 0 1 2.011-2.316 1.97 1.97 0 0 0 1.926 1.521 1.98 1.98 0 0 0 1.978-1.978 1.98 1.98 0 0 0-1.978-1.978 1.985 1.985 0 0 0-1.938 1.578 3.183 3.183 0 0 0-2.849 3.172v.011a9.463 9.463 0 0 0-4.59 1.35 2.741 2.741 0 0 0-1.688-.574Zm6.736 9.1a3.162 3.162 0 0 1-2.921-1.944.215.215 0 0 1 .014-.2.219.219 0 0 1 .168-.106 27.327 27.327 0 0 1 2.74-.133 27.357 27.357 0 0 1 2.74.133.219.219 0 0 1 .168.106.215.215 0 0 1 .014.2 3.158 3.158 0 0 1-2.921 1.944Zm3.743-3.157a1.265 1.265 0 0 1-1.4-1.371 1.954 1.954 0 0 1 .482-1.442 1.15 1.15 0 0 1 .842-.379 1.7 1.7 0 0 1 1.49 1.777 1.323 1.323 0 0 1-.325 1.015 1.476 1.476 0 0 1-1.089.4Zm-7.485 0a1.476 1.476 0 0 1-1.086-.4 1.323 1.323 0 0 1-.325-1.016 1.7 1.7 0 0 1 1.49-1.777 1.151 1.151 0 0 1 .843.379 1.951 1.951 0 0 1 .481 1.441 1.276 1.276 0 0 1-1.403 1.373Z\"><\/path><\/svg><span class=\"wp-block-social-link-label screen-reader-text\">Reddit<\/span><\/a><\/li>\n\n<li class=\"wp-social-link wp-social-link-youtube  wp-block-social-link\"><a rel=\"me noopener\" href=\"https:\/\/www.youtube.com\/@Sasha7-Media\/\" class=\"wp-block-social-link-anchor\" target=\"_blank\"><svg width=\"24\" height=\"24\" viewBox=\"0 0 24 24\" version=\"1.1\" xmlns=\"http:\/\/www.w3.org\/2000\/svg\" aria-hidden=\"true\" focusable=\"false\"><path d=\"M21.8,8.001c0,0-0.195-1.378-0.795-1.985c-0.76-0.797-1.613-0.801-2.004-0.847c-2.799-0.202-6.997-0.202-6.997-0.202 h-0.009c0,0-4.198,0-6.997,0.202C4.608,5.216,3.756,5.22,2.995,6.016C2.395,6.623,2.2,8.001,2.2,8.001S2,9.62,2,11.238v1.517 c0,1.618,0.2,3.237,0.2,3.237s0.195,1.378,0.795,1.985c0.761,0.797,1.76,0.771,2.205,0.855c1.6,0.153,6.8,0.201,6.8,0.201 s4.203-0.006,7.001-0.209c0.391-0.047,1.243-0.051,2.004-0.847c0.6-0.607,0.795-1.985,0.795-1.985s0.2-1.618,0.2-3.237v-1.517 C22,9.62,21.8,8.001,21.8,8.001z M9.935,14.594l-0.001-5.62l5.404,2.82L9.935,14.594z\"><\/path><\/svg><span class=\"wp-block-social-link-label screen-reader-text\">YouTube<\/span><\/a><\/li>\n\n<li class=\"wp-social-link wp-social-link-tiktok  wp-block-social-link\"><a rel=\"me noopener\" href=\"https:\/\/www.tiktok.com\/@sasha7_official\" class=\"wp-block-social-link-anchor\" target=\"_blank\"><svg width=\"24\" height=\"24\" viewBox=\"0 0 32 32\" version=\"1.1\" xmlns=\"http:\/\/www.w3.org\/2000\/svg\" aria-hidden=\"true\" focusable=\"false\"><path d=\"M16.708 0.027c1.745-0.027 3.48-0.011 5.213-0.027 0.105 2.041 0.839 4.12 2.333 5.563 1.491 1.479 3.6 2.156 5.652 2.385v5.369c-1.923-0.063-3.855-0.463-5.6-1.291-0.76-0.344-1.468-0.787-2.161-1.24-0.009 3.896 0.016 7.787-0.025 11.667-0.104 1.864-0.719 3.719-1.803 5.255-1.744 2.557-4.771 4.224-7.88 4.276-1.907 0.109-3.812-0.411-5.437-1.369-2.693-1.588-4.588-4.495-4.864-7.615-0.032-0.667-0.043-1.333-0.016-1.984 0.24-2.537 1.495-4.964 3.443-6.615 2.208-1.923 5.301-2.839 8.197-2.297 0.027 1.975-0.052 3.948-0.052 5.923-1.323-0.428-2.869-0.308-4.025 0.495-0.844 0.547-1.485 1.385-1.819 2.333-0.276 0.676-0.197 1.427-0.181 2.145 0.317 2.188 2.421 4.027 4.667 3.828 1.489-0.016 2.916-0.88 3.692-2.145 0.251-0.443 0.532-0.896 0.547-1.417 0.131-2.385 0.079-4.76 0.095-7.145 0.011-5.375-0.016-10.735 0.025-16.093z\" \/><\/svg><span class=\"wp-block-social-link-label screen-reader-text\">TikTok<\/span><\/a><\/li>\n\n<li class=\"wp-social-link wp-social-link-tumblr  wp-block-social-link\"><a rel=\"me noopener\" href=\"https:\/\/www.tumblr.com\/sasha7-official\" class=\"wp-block-social-link-anchor\" target=\"_blank\"><svg width=\"24\" height=\"24\" viewBox=\"0 0 24 24\" version=\"1.1\" xmlns=\"http:\/\/www.w3.org\/2000\/svg\" aria-hidden=\"true\" focusable=\"false\"><path d=\"M17.04 21.28h-3.28c-2.84 0-4.94-1.37-4.94-5.02v-5.67H6.08V7.5c2.93-.73 4.11-3.3 4.3-5.48h3.01v4.93h3.47v3.65H13.4v4.93c0 1.47.73 2.01 1.92 2.01h1.73v3.75z\" \/><\/path><\/svg><span class=\"wp-block-social-link-label screen-reader-text\">Tumblr<\/span><\/a><\/li>\n\n<li class=\"wp-social-link wp-social-link-x  wp-block-social-link\"><a rel=\"me\" href=\"https:\/\/x.com\/Sasha7_Official\" class=\"wp-block-social-link-anchor\"><svg width=\"24\" height=\"24\" viewBox=\"0 0 24 24\" version=\"1.1\" xmlns=\"http:\/\/www.w3.org\/2000\/svg\" aria-hidden=\"true\" focusable=\"false\"><path d=\"M13.982 10.622 20.54 3h-1.554l-5.693 6.618L8.745 3H3.5l6.876 10.007L3.5 21h1.554l6.012-6.989L15.868 21h5.245l-7.131-10.378Zm-2.128 2.474-.697-.997-5.543-7.93H8l4.474 6.4.697.996 5.815 8.318h-2.387l-4.745-6.787Z\" \/><\/svg><span class=\"wp-block-social-link-label screen-reader-text\">X<\/span><\/a><\/li>\n\n<li class=\"wp-social-link wp-social-link-bluesky  wp-block-social-link\"><a rel=\"me noopener\" href=\"https:\/\/bsky.app\/profile\/sasha7-official.bsky.social\" class=\"wp-block-social-link-anchor\" target=\"_blank\"><svg width=\"24\" height=\"24\" viewBox=\"0 0 24 24\" version=\"1.1\" xmlns=\"http:\/\/www.w3.org\/2000\/svg\" aria-hidden=\"true\" focusable=\"false\"><path d=\"M6.3,4.2c2.3,1.7,4.8,5.3,5.7,7.2.9-1.9,3.4-5.4,5.7-7.2,1.7-1.3,4.3-2.2,4.3.9s-.4,5.2-.6,5.9c-.7,2.6-3.3,3.2-5.6,2.8,4,.7,5.1,3,2.9,5.3-5,5.2-6.7-2.8-6.7-2.8,0,0-1.7,8-6.7,2.8-2.2-2.3-1.2-4.6,2.9-5.3-2.3.4-4.9-.3-5.6-2.8-.2-.7-.6-5.3-.6-5.9,0-3.1,2.7-2.1,4.3-.9h0Z\"><\/path><\/svg><span class=\"wp-block-social-link-label screen-reader-text\">Bluesky<\/span><\/a><\/li>\n\n<li class=\"wp-social-link wp-social-link-instagram  wp-block-social-link\"><a rel=\"me noopener\" href=\"https:\/\/www.instagram.com\/sasha7.official\/\" class=\"wp-block-social-link-anchor\" target=\"_blank\"><svg width=\"24\" height=\"24\" viewBox=\"0 0 24 24\" version=\"1.1\" xmlns=\"http:\/\/www.w3.org\/2000\/svg\" aria-hidden=\"true\" focusable=\"false\"><path d=\"M12,4.622c2.403,0,2.688,0.009,3.637,0.052c0.877,0.04,1.354,0.187,1.671,0.31c0.42,0.163,0.72,0.358,1.035,0.673 c0.315,0.315,0.51,0.615,0.673,1.035c0.123,0.317,0.27,0.794,0.31,1.671c0.043,0.949,0.052,1.234,0.052,3.637 s-0.009,2.688-0.052,3.637c-0.04,0.877-0.187,1.354-0.31,1.671c-0.163,0.42-0.358,0.72-0.673,1.035 c-0.315,0.315-0.615,0.51-1.035,0.673c-0.317,0.123-0.794,0.27-1.671,0.31c-0.949,0.043-1.233,0.052-3.637,0.052 s-2.688-0.009-3.637-0.052c-0.877-0.04-1.354-0.187-1.671-0.31c-0.42-0.163-0.72-0.358-1.035-0.673 c-0.315-0.315-0.51-0.615-0.673-1.035c-0.123-0.317-0.27-0.794-0.31-1.671C4.631,14.688,4.622,14.403,4.622,12 s0.009-2.688,0.052-3.637c0.04-0.877,0.187-1.354,0.31-1.671c0.163-0.42,0.358-0.72,0.673-1.035 c0.315-0.315,0.615-0.51,1.035-0.673c0.317-0.123,0.794-0.27,1.671-0.31C9.312,4.631,9.597,4.622,12,4.622 M12,3 C9.556,3,9.249,3.01,8.289,3.054C7.331,3.098,6.677,3.25,6.105,3.472C5.513,3.702,5.011,4.01,4.511,4.511 c-0.5,0.5-0.808,1.002-1.038,1.594C3.25,6.677,3.098,7.331,3.054,8.289C3.01,9.249,3,9.556,3,12c0,2.444,0.01,2.751,0.054,3.711 c0.044,0.958,0.196,1.612,0.418,2.185c0.23,0.592,0.538,1.094,1.038,1.594c0.5,0.5,1.002,0.808,1.594,1.038 c0.572,0.222,1.227,0.375,2.185,0.418C9.249,20.99,9.556,21,12,21s2.751-0.01,3.711-0.054c0.958-0.044,1.612-0.196,2.185-0.418 c0.592-0.23,1.094-0.538,1.594-1.038c0.5-0.5,0.808-1.002,1.038-1.594c0.222-0.572,0.375-1.227,0.418-2.185 C20.99,14.751,21,14.444,21,12s-0.01-2.751-0.054-3.711c-0.044-0.958-0.196-1.612-0.418-2.185c-0.23-0.592-0.538-1.094-1.038-1.594 c-0.5-0.5-1.002-0.808-1.594-1.038c-0.572-0.222-1.227-0.375-2.185-0.418C14.751,3.01,14.444,3,12,3L12,3z M12,7.378 c-2.552,0-4.622,2.069-4.622,4.622S9.448,16.622,12,16.622s4.622-2.069,4.622-4.622S14.552,7.378,12,7.378z M12,15 c-1.657,0-3-1.343-3-3s1.343-3,3-3s3,1.343,3,3S13.657,15,12,15z M16.804,6.116c-0.596,0-1.08,0.484-1.08,1.08 s0.484,1.08,1.08,1.08c0.596,0,1.08-0.484,1.08-1.08S17.401,6.116,16.804,6.116z\"><\/path><\/svg><span class=\"wp-block-social-link-label screen-reader-text\">Instagram<\/span><\/a><\/li><\/ul>\n\n\n\n<p>Aqui est\u00e1 a tradu\u00e7\u00e3o da se\u00e7\u00e3o final e do bloco de recursos para o portugu\u00eas brasileiro (BRPT), formatada para manter a autoridade e o SEO que voc\u00ea deseja.<\/p>\n\n\n\n<hr class=\"wp-block-separator has-alpha-channel-opacity\"\/>\n\n\n\n<h2 class=\"wp-block-heading\">Recursos e Suporte<\/h2>\n\n\n\n<p>No Sasha7, temos um compromisso com a transpar\u00eancia e a seguran\u00e7a do usu\u00e1rio. Se voc\u00ea estiver procurando por ajuda t\u00e9cnica ou informa\u00e7\u00f5es sobre nossos padr\u00f5es de privacidade, nossos recursos est\u00e3o aqui para orientar voc\u00ea:<\/p>\n\n\n\n<ul class=\"wp-block-list\">\n<li><strong><a href=\"https:\/\/sasha7.com\/blog\/perguntas-frequentes\/\" title=\"\">Perguntas Frequentes (FAQ)<\/a>:<\/strong> Encontre respostas r\u00e1pidas sobre a configura\u00e7\u00e3o da conta, recursos de privacidade e como aproveitar ao m\u00e1ximo o Sasha7.<\/li>\n\n\n\n<li><strong><a href=\"https:\/\/sasha7.com\/blog\/fraudes-e-seguranca\/\" title=\"\">Fraudes e Seguran\u00e7a<\/a>:<\/strong> Sua seguran\u00e7a \u00e9 nossa prioridade. Saiba como se manter protegido ao se conectar com outras pessoas online.<\/li>\n\n\n\n<li><strong><a href=\"https:\/\/sasha7.com\/blog\/contato\/\" title=\"\">Fale Conosco<\/a>:<\/strong> Precisa de assist\u00eancia direta? Nossa equipe de suporte dedicada est\u00e1 dispon\u00edvel para ajudar com qualquer d\u00favida.<\/li>\n\n\n\n<li><strong><a href=\"https:\/\/sasha7.com\/blog\/politica-de-privacidade\/\" title=\"\">Pol\u00edtica de Privacidade<\/a> e <a href=\"https:\/\/sasha7.com\/blog\/termos-e-condicoes\/\" title=\"\">Termos<\/a>:<\/strong> Leia nosso compromisso total com a seguran\u00e7a dos seus dados e as diretrizes que mant\u00eam nossa comunidade respeitosa.<\/li>\n\n\n\n<li><strong><a href=\"https:\/\/sasha7.com\/blog\/cancelando-ou-excluindo-seu-perfil\/\" title=\"\">Gerenciamento de Conta<\/a>:<\/strong> Acreditamos no controle total do usu\u00e1rio, incluindo op\u00e7\u00f5es f\u00e1ceis para cancelamento de assinatura ou exclus\u00e3o de perfil.<\/li>\n\n\n\n<li><a href=\"https:\/\/pt.wikipedia.org\/wiki\/Sasha7\" title=\"\" target=\"_blank\" rel=\"noopener\">Sasha7 Wikipedia<\/a>: Confira a p\u00e1gina da Sasha7 na Wikip\u00e9dia para saber mais sobre a plataforma, sua hist\u00f3ria e prop\u00f3sito.<\/li>\n\n\n\n<li><strong>Relat\u00f3rio de Transpar\u00eancia 2026:<\/strong> Acreditamos na honestidade radical. Leia nosso <a href=\"https:\/\/sasha7.com\/blog\/sasha7-e-golpe\/\" target=\"_blank\" rel=\"noreferrer noopener\">Relat\u00f3rio Oficial de Seguran\u00e7a e Legitimidade 2026<\/a> para entender como utilizamos IA e criptografia para proteger nossa comunidade.<\/li>\n<\/ul>\n\n\n\n<hr class=\"wp-block-separator has-alpha-channel-opacity\"\/>\n\n\n\n<h2 class=\"wp-block-heading\"><strong>Junte-se a N\u00f3s<\/strong><\/h2>\n\n\n\n<p>A Sasha7 oferece um espa\u00e7o discreto e seguro para adultos que buscam conex\u00f5es fora das estruturas tradicionais de namoro. Seja para usu\u00e1rios explorando encontros discretos pela primeira vez ou procurando uma alternativa mais transparente \u00e0s plataformas convencionais, a Sasha7 garante privacidade, controle e clareza em cada etapa.<\/p>\n\n\n\n<script type=\"application\/ld+json\">\n{\n  \"@context\": \"https:\/\/schema.org\",\n  \"@type\": \"Organization\",\n  \"@id\": \"https:\/\/sasha7.com\/pt\/#organization\",\n  \"knowsAbout\": [\n    {\n      \"@type\": \"Thing\",\n      \"name\": \"Relacionamentos\",\n      \"sameAs\": \"https:\/\/pt.wikipedia.org\/wiki\/Relacionamento_interpessoal\"\n    },\n    {\n      \"@type\": \"Thing\",\n      \"name\": \"Psicologia Cl\u00ednica\",\n      \"sameAs\": \"https:\/\/pt.wikipedia.org\/wiki\/Psicologia_cl%C3%ADnica\"\n    },\n    {\n      \"@type\": \"Thing\",\n      \"name\": \"Infidelidade\",\n      \"sameAs\": \"https:\/\/pt.wikipedia.org\/wiki\/Infidelidade\"\n    }\n  ]\n}\n<\/script>\n","protected":false},"excerpt":{"rendered":"<p>Casado, mas procurando? Sasha7 \u00e9 uma plataforma de encontros online focada em privacidade, projetada para conex\u00f5es discretas entre adultos consententes. Fundada em 2020, a Sasha7 \u00e9 mais conhecida como uma plataforma de encontros extraconjugais, criada para pessoas que precisam que a confidencialidade seja uma caracter\u00edstica b\u00e1sica, e n\u00e3o uma op\u00e7\u00e3o. Com o tempo, a plataforma&#8230;<\/p>\n","protected":false},"author":3,"featured_media":0,"parent":0,"menu_order":0,"comment_status":"closed","ping_status":"closed","template":"","meta":{"footnotes":""},"class_list":["post-2952","page","type-page","status-publish","hentry"],"_links":{"self":[{"href":"https:\/\/sasha7.com\/blog\/wp-json\/wp\/v2\/pages\/2952","targetHints":{"allow":["GET"]}}],"collection":[{"href":"https:\/\/sasha7.com\/blog\/wp-json\/wp\/v2\/pages"}],"about":[{"href":"https:\/\/sasha7.com\/blog\/wp-json\/wp\/v2\/types\/page"}],"author":[{"embeddable":true,"href":"https:\/\/sasha7.com\/blog\/wp-json\/wp\/v2\/users\/3"}],"replies":[{"embeddable":true,"href":"https:\/\/sasha7.com\/blog\/wp-json\/wp\/v2\/comments?post=2952"}],"version-history":[{"count":11,"href":"https:\/\/sasha7.com\/blog\/wp-json\/wp\/v2\/pages\/2952\/revisions"}],"predecessor-version":[{"id":4468,"href":"https:\/\/sasha7.com\/blog\/wp-json\/wp\/v2\/pages\/2952\/revisions\/4468"}],"wp:attachment":[{"href":"https:\/\/sasha7.com\/blog\/wp-json\/wp\/v2\/media?parent=2952"}],"curies":[{"name":"wp","href":"https:\/\/api.w.org\/{rel}","templated":true}]}}