{"id":2244,"date":"2024-12-11T04:37:56","date_gmt":"2024-12-11T04:37:56","guid":{"rendered":"https:\/\/sasha7.com\/blog\/?page_id=2244"},"modified":"2026-02-02T18:44:51","modified_gmt":"2026-02-02T18:44:51","slug":"solicitacoes-legais","status":"publish","type":"page","link":"https:\/\/sasha7.com\/blog\/solicitacoes-legais\/","title":{"rendered":"Solicita\u00e7\u00f5es Legais | Sasha7"},"content":{"rendered":"\n<link rel=\"alternate\" href=\"https:\/\/sasha7.com\/blog\/legal-requests\/\" hreflang=\"en\" \/>\n  <link rel=\"alternate\" href=\"https:\/\/sasha7.com\/blog\/solicitacoes-legais\/\" hreflang=\"pt-BR\" \/>\n\n\n\n<h3 class=\"wp-block-heading\"><strong>Solicita\u00e7\u00f5es de Emerg\u00eancia e Circunst\u00e2ncias Exigentes<\/strong><\/h3>\n\n\n\n<p>De acordo com nossa Pol\u00edtica de Privacidade, podemos divulgar informa\u00e7\u00f5es de contas para as autoridades legais em resposta a uma solicita\u00e7\u00e3o v\u00e1lida de divulga\u00e7\u00e3o emergencial. Temos permiss\u00e3o \u2014 mas n\u00e3o somos obrigados \u2014 a divulgar voluntariamente informa\u00e7\u00f5es, incluindo o conte\u00fado das comunica\u00e7\u00f5es e registros de clientes, para uma entidade governamental nacional, provincial, estadual ou local, se acreditarmos, de boa f\u00e9, que uma emerg\u00eancia envolvendo o perigo iminente de morte ou les\u00e3o f\u00edsica grave a qualquer pessoa exija essa divulga\u00e7\u00e3o sem demora.<\/p>\n\n\n\n<p>Avaliaremos as solicita\u00e7\u00f5es de divulga\u00e7\u00e3o emergencial caso a caso. Se recebermos informa\u00e7\u00f5es que nos d\u00eaem uma cren\u00e7a de boa f\u00e9 de que h\u00e1 uma emerg\u00eancia envolvendo o perigo de morte ou les\u00e3o f\u00edsica grave a uma pessoa, podemos fornecer as informa\u00e7\u00f5es necess\u00e1rias para prevenir esse dano, se as tivermos.<\/p>\n\n\n\n<h3 class=\"wp-block-heading\"><strong>Divulga\u00e7\u00e3o de Informa\u00e7\u00f5es N\u00e3o P\u00fablicas<\/strong><\/h3>\n\n\n\n<p>Nossa pol\u00edtica \u00e9 divulgar informa\u00e7\u00f5es n\u00e3o p\u00fablicas dos membros em conex\u00e3o com uma investiga\u00e7\u00e3o criminal ou civil apenas com o consentimento do membro ou mediante o recebimento de uma intima\u00e7\u00e3o v\u00e1lida, demanda investigativa civil, ordem judicial, mandado de busca ou outro processo legal v\u00e1lido.<\/p>\n\n\n\n<p>Quando a 2743206 Ontario Inc. concorda em fornecer informa\u00e7\u00f5es n\u00e3o p\u00fablicas em resposta a uma solicita\u00e7\u00e3o legal, realizaremos uma busca razo\u00e1vel pelas informa\u00e7\u00f5es solicitadas.<\/p>\n\n\n\n<h3 class=\"wp-block-heading\"><strong>Relat\u00f3rios de Terceiros<\/strong><\/h3>\n\n\n\n<p>Utilizamos ferramentas de terceiros, como Sightengine e Amazon Rekognition, para modera\u00e7\u00e3o de conte\u00fado, que podem incluir sistemas automatizados que detectam e relatam atividades ilegais para as autoridades competentes. Isso pode envolver o National Center for Missing and Exploited Children (NCMEC) e ag\u00eancias de seguran\u00e7a p\u00fablica. Ao utilizar nossa plataforma, voc\u00ea reconhece e concorda que quaisquer a\u00e7\u00f5es ilegais detectadas em nosso site podem ser automaticamente relatadas \u00e0s autoridades apropriadas.<\/p>\n\n\n\n<p>Aqui est\u00e3o os tipos de informa\u00e7\u00f5es que podemos fornecer, dependendo do tipo de processo legal:<\/p>\n\n\n\n<p><strong>Com consentimento do membro<\/strong>: Forneceremos informa\u00e7\u00f5es privadas da conta, se solicitado, diretamente ao membro ou a um terceiro designado com o consentimento por escrito do membro, uma vez que tenhamos verificado a identidade do membro.<\/p>\n\n\n\n<p><strong>Com uma intima\u00e7\u00e3o<\/strong>: Se recebermos uma intima\u00e7\u00e3o v\u00e1lida, demanda investigativa civil ou processo legal semelhante emitido em conex\u00e3o com uma investiga\u00e7\u00e3o criminal ou civil oficial, podemos fornecer certas informa\u00e7\u00f5es n\u00e3o p\u00fablicas da conta, que podem incluir:<\/p>\n\n\n\n<ul class=\"wp-block-list\">\n<li>Data de cadastro<\/li>\n\n\n\n<li>Endere\u00e7o de e-mail associado \u00e0 conta<\/li>\n\n\n\n<li>Endere\u00e7o de IP(s) usado(s) para acessar a conta em um hor\u00e1rio ou evento espec\u00edfico relevante para a investiga\u00e7\u00e3o<\/li>\n<\/ul>\n\n\n\n<p><strong>Com uma ordem judicial ou mandado de busca<\/strong>: N\u00e3o divulgaremos registros de acesso \u00e0 conta, a menos que sejamos obrigados a faz\u00ea-lo por (i) uma ordem judicial emitida com base em fatos espec\u00edficos e articul\u00e1veis, demonstrando que h\u00e1 motivos razo\u00e1veis para acreditar que as informa\u00e7\u00f5es procuradas s\u00e3o relevantes e materiais para uma investiga\u00e7\u00e3o criminal em andamento; ou (ii) um mandado de busca emitido com base em causa prov\u00e1vel. Isso pode incluir:<\/p>\n\n\n\n<ul class=\"wp-block-list\">\n<li>Quaisquer registros que revelem os movimentos de um usu\u00e1rio ao longo de um per\u00edodo<\/li>\n\n\n\n<li>Dados anal\u00edticos espec\u00edficos do membro ou IP, como hist\u00f3rico de navega\u00e7\u00e3o<\/li>\n\n\n\n<li>Registros de acesso \u00e0 seguran\u00e7a al\u00e9m da cria\u00e7\u00e3o da conta ou para um hor\u00e1rio e data espec\u00edficos<\/li>\n<\/ul>\n\n\n\n<p><strong>Somente com um mandado de busca<\/strong>: N\u00e3o divulgaremos qualquer comunica\u00e7\u00e3o privada de um membro, exceto sob mandado de busca e mediante demonstra\u00e7\u00e3o de causa prov\u00e1vel. Exemplos de casos onde \u00e9 necess\u00e1rio um mandado de busca incluem, mas n\u00e3o se limitam a:<\/p>\n\n\n\n<ul class=\"wp-block-list\">\n<li>Conte\u00fado de qualquer conversa privada entre dois ou mais membros (precisa ser especificado o per\u00edodo)<\/li>\n\n\n\n<li>Conte\u00fado de qualquer conversa privada com 2743206 Ontario Inc., incluindo fotos de verifica\u00e7\u00e3o<\/li>\n<\/ul>\n\n\n\n<h3 class=\"wp-block-heading\"><strong>Solicita\u00e7\u00f5es de Preserva\u00e7\u00e3o<\/strong><\/h3>\n\n\n\n<p>Tomaremos medidas para preservar os registros da conta por at\u00e9 90 dias, mediante solicita\u00e7\u00e3o formal das autoridades legais em conex\u00e3o com investiga\u00e7\u00f5es criminais oficiais, e at\u00e9 a emiss\u00e3o de uma ordem judicial ou outro processo.<\/p>\n\n\n\n<h3 class=\"wp-block-heading\"><strong>Notifica\u00e7\u00f5es<\/strong><\/h3>\n\n\n\n<p>Nossa pol\u00edtica \u00e9 notificar os membros sobre qualquer solicita\u00e7\u00e3o pendente relacionada \u00e0s suas contas, a menos que sejamos proibidos por lei ou ordem judicial de faz\u00ea-lo, ou em circunst\u00e2ncias raras e exigentes.<\/p>\n\n\n\n<p>Antes de divulgar informa\u00e7\u00f5es do membro, faremos um esfor\u00e7o razo\u00e1vel para notificar qualquer membro afetado enviando uma mensagem para o endere\u00e7o de e-mail verificado, fornecendo uma c\u00f3pia da intima\u00e7\u00e3o, ordem judicial ou mandado, para que eles possam ter a oportunidade de contestar o processo legal, se desejarem.<\/p>\n\n\n\n<h3 class=\"wp-block-heading\"><strong>Submiss\u00e3o de Solicita\u00e7\u00f5es<\/strong><\/h3>\n\n\n\n<p>Por favor, envie suas solicita\u00e7\u00f5es por e-mail para <a>legal@sasha7.com<\/a>.<\/p>\n\n\n\n<p>Fa\u00e7a suas solicita\u00e7\u00f5es o mais espec\u00edficas e restritas poss\u00edvel, incluindo as seguintes informa\u00e7\u00f5es:<\/p>\n\n\n\n<ul class=\"wp-block-list\">\n<li>Informa\u00e7\u00f5es completas sobre a autoridade que emitiu a solicita\u00e7\u00e3o de informa\u00e7\u00f5es<\/li>\n\n\n\n<li>Nome e identifica\u00e7\u00e3o do agente respons\u00e1vel<\/li>\n\n\n\n<li>Um endere\u00e7o de e-mail oficial v\u00e1lido para retorno<\/li>\n\n\n\n<li>Nome de usu\u00e1rio e URL do perfil do membro de interesse \u2014 Se n\u00e3o conseguir localizar o nome de usu\u00e1rio (incluindo a URL do perfil do membro), podemos tentar encontrar a conta do membro com o n\u00famero de telefone ou e-mail<\/li>\n\n\n\n<li>URLs de qualquer p\u00e1gina espec\u00edfica de interesse<\/li>\n\n\n\n<li>Descri\u00e7\u00e3o dos tipos de registros que voc\u00ea precisa<\/li>\n<\/ul>\n\n\n\n<p>Por favor, aguarde pelo menos duas semanas para que possamos analisar sua solicita\u00e7\u00e3o.<\/p>\n\n\n\n<p>Preferimos enviar os dados por meio de um link de transfer\u00eancia de dados seguro. Se voc\u00ea tiver essa capacidade, indique isso na sua solicita\u00e7\u00e3o legal.<\/p>\n\n\n\n<p><strong>Nota Importante<\/strong>: Qualquer solicita\u00e7\u00e3o em um caso civil deve ser submetida ao tribunal de Ont\u00e1rio (Canad\u00e1).<\/p>\n\n\n\n<h3 class=\"wp-block-heading\"><strong>Recursos e Suporte<\/strong><\/h3>\n\n\n\n<ul class=\"wp-block-list\">\n<li><strong><a href=\"https:\/\/sasha7.com\/blog\/perguntas-frequentes\/\" target=\"_blank\" rel=\"noreferrer noopener\">Perguntas Frequentes<\/a><\/strong> (FAQ)<\/li>\n\n\n\n<li><strong><a href=\"https:\/\/sasha7.com\/blog\/fraudes-e-seguranca\/\" target=\"_blank\" rel=\"noreferrer noopener\">Fraudes e Seguran\u00e7a<\/a><\/strong><\/li>\n\n\n\n<li><strong><a href=\"https:\/\/sasha7.com\/blog\/politica-de-privacidade\/\" target=\"_blank\" rel=\"noreferrer noopener\">Pol\u00edtica de Privacidade<\/a><\/strong><\/li>\n\n\n\n<li><strong><a href=\"https:\/\/sasha7.com\/blog\/termos-e-condicoes\/\" target=\"_blank\" rel=\"noreferrer noopener\">Termos e Condi\u00e7\u00f5es<\/a><\/strong><\/li>\n\n\n\n<li><strong><a href=\"https:\/\/sasha7.com\/blog\/politica-de-ciberseguranca\/\" target=\"_blank\" rel=\"noreferrer noopener\">Pol\u00edtica de Ciberseguran\u00e7a<\/a><\/strong><\/li>\n\n\n\n<li><strong><a href=\"https:\/\/sasha7.com\/blog\/solicitacoes-legais\/\" target=\"_blank\" rel=\"noreferrer noopener\">Solicita\u00e7\u00f5es Legais<\/a><\/strong><\/li>\n\n\n\n<li><strong><a href=\"https:\/\/sasha7.com\/blog\/politica-de-reclamacoes\/\" target=\"_blank\" rel=\"noreferrer noopener\">Pol\u00edtica de Reclama\u00e7\u00f5es<\/a><\/strong><\/li>\n\n\n\n<li><strong><a href=\"https:\/\/sasha7.com\/blog\/cancelando-ou-excluindo-seu-perfil\/\" target=\"_blank\" rel=\"noreferrer noopener\">Cancelando ou Excluindo seu Perfil<\/a><\/strong><\/li>\n\n\n\n<li><strong><a href=\"https:\/\/sasha7.com\/blog\/contato\/\" target=\"_blank\" rel=\"noreferrer noopener\">Fale Conosco<\/a><\/strong><\/li>\n<\/ul>\n","protected":false},"excerpt":{"rendered":"<p>Solicita\u00e7\u00f5es de Emerg\u00eancia e Circunst\u00e2ncias Exigentes De acordo com nossa Pol\u00edtica de Privacidade, podemos divulgar informa\u00e7\u00f5es de contas para as autoridades legais em resposta a uma solicita\u00e7\u00e3o v\u00e1lida de divulga\u00e7\u00e3o emergencial. Temos permiss\u00e3o \u2014 mas n\u00e3o somos obrigados \u2014 a divulgar voluntariamente informa\u00e7\u00f5es, incluindo o conte\u00fado das comunica\u00e7\u00f5es e registros de clientes, para uma entidade&#8230;<\/p>\n","protected":false},"author":2,"featured_media":0,"parent":0,"menu_order":0,"comment_status":"closed","ping_status":"closed","template":"","meta":{"footnotes":""},"class_list":["post-2244","page","type-page","status-publish","hentry"],"_links":{"self":[{"href":"https:\/\/sasha7.com\/blog\/wp-json\/wp\/v2\/pages\/2244","targetHints":{"allow":["GET"]}}],"collection":[{"href":"https:\/\/sasha7.com\/blog\/wp-json\/wp\/v2\/pages"}],"about":[{"href":"https:\/\/sasha7.com\/blog\/wp-json\/wp\/v2\/types\/page"}],"author":[{"embeddable":true,"href":"https:\/\/sasha7.com\/blog\/wp-json\/wp\/v2\/users\/2"}],"replies":[{"embeddable":true,"href":"https:\/\/sasha7.com\/blog\/wp-json\/wp\/v2\/comments?post=2244"}],"version-history":[{"count":5,"href":"https:\/\/sasha7.com\/blog\/wp-json\/wp\/v2\/pages\/2244\/revisions"}],"predecessor-version":[{"id":4465,"href":"https:\/\/sasha7.com\/blog\/wp-json\/wp\/v2\/pages\/2244\/revisions\/4465"}],"wp:attachment":[{"href":"https:\/\/sasha7.com\/blog\/wp-json\/wp\/v2\/media?parent=2244"}],"curies":[{"name":"wp","href":"https:\/\/api.w.org\/{rel}","templated":true}]}}