{"id":2241,"date":"2024-12-11T04:36:10","date_gmt":"2024-12-11T04:36:10","guid":{"rendered":"https:\/\/sasha7.com\/blog\/?page_id=2241"},"modified":"2026-02-02T18:39:49","modified_gmt":"2026-02-02T18:39:49","slug":"contato","status":"publish","type":"page","link":"https:\/\/sasha7.com\/blog\/contato\/","title":{"rendered":"Contato | Sasha7"},"content":{"rendered":"\n<link rel=\"alternate\" href=\"https:\/\/sasha7.com\/blog\/contact\/\" hreflang=\"en\" \/>\n  <link rel=\"alternate\" href=\"https:\/\/sasha7.com\/blog\/contato\/\" hreflang=\"pt-BR\" \/>\n\n\n\n<script type=\"application\/ld+json\">\n{\n  \"@context\": \"https:\/\/schema.org\",\n  \"@type\": \"ContactPage\",\n  \"name\": \"Contato Suporte Sasha7\",\n  \"description\": \"Entre em contato com a equipe de suporte da Sasha7 para ajuda com sua conta, seguran\u00e7a e conex\u00f5es privadas.\",\n  \"url\": \"https:\/\/sasha7.com\/blog\/contato\/\",\n  \"mainEntity\": {\n    \"@type\": \"Organization\",\n    \"name\": \"Sasha7\",\n    \"url\": \"https:\/\/sasha7.com\",\n    \"logo\": \"https:\/\/sasha7.com\/blog\/wp-content\/uploads\/2024\/09\/cropped-Sasha7-logo.png\",\n    \"contactPoint\": {\n      \"@type\": \"ContactPoint\",\n      \"telephone\": \"+1-888-813-2133\",\n      \"contactType\": \"customer service\",\n      \"url\": \"https:\/\/sasha7.com\/blog\/contato\/\",\n      \"availableLanguage\": [\"Portuguese\", \"English\"]\n    }\n  }\n}\n<\/script>\n\n\n\n<p>Adorar\u00edamos ouvir de voc\u00ea! Se tiver perguntas, feedback ou apenas quiser dizer ol\u00e1, seus pensamentos s\u00e3o importantes para n\u00f3s. Na Sasha7, estamos comprometidos em criar uma comunidade acolhedora e informativa.<\/p>\n\n\n\n<h3 class=\"wp-block-heading\">Entre em contato:<\/h3>\n\n\n\n<ul class=\"wp-block-list\">\n<li>Email: Voc\u00ea pode nos alcan\u00e7ar pelo email <a>support@sasha7.zohodesk.com<\/a> ou usar o formul\u00e1rio abaixo. Nosso objetivo \u00e9 responder todas as consultas em at\u00e9 24-48 horas.<\/li>\n\n\n\n<li>Telefone: Ligue para 1 (888) 813-2133. Nossa equipe est\u00e1 dispon\u00edvel para ajudar durante o hor\u00e1rio comercial.<\/li>\n\n\n\n<li>Redes Sociais: Siga-nos nas nossas redes sociais para as \u00faltimas atualiza\u00e7\u00f5es, dicas e discuss\u00f5es da comunidade. Conecte-se conosco nas redes sociais:<\/li>\n<\/ul>\n\n\n<style id=\"wpforms-css-vars-root\">\n\t\t\t\t:root {\n\t\t\t\t\t--wpforms-field-border-radius: 3px;\n--wpforms-field-border-style: solid;\n--wpforms-field-border-size: 1px;\n--wpforms-field-background-color: #ffffff;\n--wpforms-field-border-color: rgba( 0, 0, 0, 0.25 );\n--wpforms-field-border-color-spare: rgba( 0, 0, 0, 0.25 );\n--wpforms-field-text-color: rgba( 0, 0, 0, 0.7 );\n--wpforms-field-menu-color: #ffffff;\n--wpforms-label-color: rgba( 0, 0, 0, 0.85 );\n--wpforms-label-sublabel-color: rgba( 0, 0, 0, 0.55 );\n--wpforms-label-error-color: #d63637;\n--wpforms-button-border-radius: 3px;\n--wpforms-button-border-style: none;\n--wpforms-button-border-size: 1px;\n--wpforms-button-background-color: #066aab;\n--wpforms-button-border-color: #066aab;\n--wpforms-button-text-color: #ffffff;\n--wpforms-page-break-color: #066aab;\n--wpforms-background-image: none;\n--wpforms-background-position: center center;\n--wpforms-background-repeat: no-repeat;\n--wpforms-background-size: cover;\n--wpforms-background-width: 100px;\n--wpforms-background-height: 100px;\n--wpforms-background-color: rgba( 0, 0, 0, 0 );\n--wpforms-background-url: none;\n--wpforms-container-padding: 0px;\n--wpforms-container-border-style: none;\n--wpforms-container-border-width: 1px;\n--wpforms-container-border-color: #000000;\n--wpforms-container-border-radius: 3px;\n--wpforms-field-size-input-height: 43px;\n--wpforms-field-size-input-spacing: 15px;\n--wpforms-field-size-font-size: 16px;\n--wpforms-field-size-line-height: 19px;\n--wpforms-field-size-padding-h: 14px;\n--wpforms-field-size-checkbox-size: 16px;\n--wpforms-field-size-sublabel-spacing: 5px;\n--wpforms-field-size-icon-size: 1;\n--wpforms-label-size-font-size: 16px;\n--wpforms-label-size-line-height: 19px;\n--wpforms-label-size-sublabel-font-size: 14px;\n--wpforms-label-size-sublabel-line-height: 17px;\n--wpforms-button-size-font-size: 17px;\n--wpforms-button-size-height: 41px;\n--wpforms-button-size-padding-h: 15px;\n--wpforms-button-size-margin-top: 10px;\n--wpforms-container-shadow-size-box-shadow: none;\n\n\t\t\t\t}\n\t\t\t<\/style><style id=\"wpforms-css-vars-2216-block-32c66e49-c80d-4611-be5c-a3e6145bd35f\">\n\t\t\t\t#wpforms-2216.wpforms-block-32c66e49-c80d-4611-be5c-a3e6145bd35f {\n\t\t\t\t\t--wpforms-button-background-color: #dc6883;\n--wpforms-field-size-input-height: 43px;\n--wpforms-field-size-input-spacing: 15px;\n--wpforms-field-size-font-size: 16px;\n--wpforms-field-size-line-height: 19px;\n--wpforms-field-size-padding-h: 14px;\n--wpforms-field-size-checkbox-size: 16px;\n--wpforms-field-size-sublabel-spacing: 5px;\n--wpforms-field-size-icon-size: 1;\n--wpforms-label-size-font-size: 16px;\n--wpforms-label-size-line-height: 19px;\n--wpforms-label-size-sublabel-font-size: 14px;\n--wpforms-label-size-sublabel-line-height: 17px;\n--wpforms-button-size-font-size: 17px;\n--wpforms-button-size-height: 41px;\n--wpforms-button-size-padding-h: 15px;\n--wpforms-button-size-margin-top: 10px;\n\n\t\t\t\t}\n\t\t\t<\/style><div class=\"wpforms-container wpforms-container-full wpforms-block wpforms-block-32c66e49-c80d-4611-be5c-a3e6145bd35f wpforms-render-modern\" id=\"wpforms-2216\"><form id=\"wpforms-form-2216\" class=\"wpforms-validate wpforms-form wpforms-ajax-form\" data-formid=\"2216\" method=\"post\" enctype=\"multipart\/form-data\" action=\"\/blog\/wp-json\/wp\/v2\/pages\/2241\" data-token=\"6526ddb7f6178030f0f4ab1fffa3c7a7\" data-token-time=\"1776241273\"><noscript class=\"wpforms-error-noscript\">Please enable JavaScript in your browser to complete this form.<\/noscript><div class=\"wpforms-hidden\" id=\"wpforms-error-noscript\">Please enable JavaScript in your browser to complete this form.<\/div><div class=\"wpforms-field-container\"><div id=\"wpforms-2216-field_1-container\" class=\"wpforms-field wpforms-field-name\" data-field-id=\"1\"><fieldset><legend class=\"wpforms-field-label\">Name <span class=\"wpforms-required-label\" aria-hidden=\"true\">*<\/span><\/legend><div class=\"wpforms-field-row wpforms-field-medium\"><div class=\"wpforms-field-row-block wpforms-first wpforms-one-half\"><input type=\"text\" id=\"wpforms-2216-field_1\" class=\"wpforms-field-name-first wpforms-field-required\" name=\"wpforms[fields][1][first]\" aria-errormessage=\"wpforms-2216-field_1-error\" required><label for=\"wpforms-2216-field_1\" class=\"wpforms-field-sublabel after\">First<\/label><\/div><div class=\"wpforms-field-row-block wpforms-one-half\"><input type=\"text\" id=\"wpforms-2216-field_1-last\" class=\"wpforms-field-name-last wpforms-field-required\" name=\"wpforms[fields][1][last]\" aria-errormessage=\"wpforms-2216-field_1-last-error\" required><label for=\"wpforms-2216-field_1-last\" class=\"wpforms-field-sublabel after\">Last<\/label><\/div><\/div><\/fieldset><\/div><div id=\"wpforms-2216-field_2-container\" class=\"wpforms-field wpforms-field-email\" data-field-id=\"2\"><label class=\"wpforms-field-label\" for=\"wpforms-2216-field_2\">Email <span class=\"wpforms-required-label\" aria-hidden=\"true\">*<\/span><\/label><input type=\"email\" id=\"wpforms-2216-field_2\" class=\"wpforms-field-medium wpforms-field-required\" name=\"wpforms[fields][2]\" spellcheck=\"false\" aria-errormessage=\"wpforms-2216-field_2-error\" required><\/div><div id=\"wpforms-2216-field_3-container\" class=\"wpforms-field wpforms-field-textarea\" data-field-id=\"3\"><label class=\"wpforms-field-label\" for=\"wpforms-2216-field_3\">Comment or Message<\/label><textarea id=\"wpforms-2216-field_3\" class=\"wpforms-field-medium\" name=\"wpforms[fields][3]\" aria-errormessage=\"wpforms-2216-field_3-error\" ><\/textarea><\/div><\/div><!-- .wpforms-field-container --><div class=\"wpforms-submit-container\" ><input type=\"hidden\" name=\"wpforms[id]\" value=\"2216\"><input type=\"hidden\" name=\"page_title\" value=\"\"><input type=\"hidden\" name=\"page_url\" value=\"https:\/\/sasha7.com\/blog\/wp-json\/wp\/v2\/pages\/2241\"><button type=\"submit\" name=\"wpforms[submit]\" id=\"wpforms-submit-2216\" class=\"wpforms-submit\" data-alt-text=\"Sending...\" data-submit-text=\"Submit\" aria-live=\"assertive\" value=\"wpforms-submit\">Submit<\/button><img loading=\"lazy\" decoding=\"async\" src=\"https:\/\/sasha7.com\/blog\/wp-content\/plugins\/wpforms-lite\/assets\/images\/submit-spin.svg\" class=\"wpforms-submit-spinner\" style=\"display: none;\" width=\"26\" height=\"26\" alt=\"Loading\"><\/div><\/form><\/div>  <!-- .wpforms-container -->\n\n\n<ul class=\"wp-block-social-links aligncenter has-normal-icon-size\"><li class=\"wp-social-link wp-social-link-linkedin  wp-block-social-link\"><a rel=\"me noopener\" href=\"https:\/\/www.linkedin.com\/company\/sasha7\/\" class=\"wp-block-social-link-anchor\" target=\"_blank\"><svg width=\"24\" height=\"24\" viewBox=\"0 0 24 24\" version=\"1.1\" xmlns=\"http:\/\/www.w3.org\/2000\/svg\" aria-hidden=\"true\" focusable=\"false\"><path d=\"M19.7,3H4.3C3.582,3,3,3.582,3,4.3v15.4C3,20.418,3.582,21,4.3,21h15.4c0.718,0,1.3-0.582,1.3-1.3V4.3 C21,3.582,20.418,3,19.7,3z M8.339,18.338H5.667v-8.59h2.672V18.338z M7.004,8.574c-0.857,0-1.549-0.694-1.549-1.548 c0-0.855,0.691-1.548,1.549-1.548c0.854,0,1.547,0.694,1.547,1.548C8.551,7.881,7.858,8.574,7.004,8.574z M18.339,18.338h-2.669 v-4.177c0-0.996-0.017-2.278-1.387-2.278c-1.389,0-1.601,1.086-1.601,2.206v4.249h-2.667v-8.59h2.559v1.174h0.037 c0.356-0.675,1.227-1.387,2.526-1.387c2.703,0,3.203,1.779,3.203,4.092V18.338z\"><\/path><\/svg><span class=\"wp-block-social-link-label screen-reader-text\">LinkedIn<\/span><\/a><\/li>\n\n<li class=\"wp-social-link wp-social-link-reddit  wp-block-social-link\"><a rel=\"me noopener\" href=\"https:\/\/www.reddit.com\/r\/sasha7\/\" class=\"wp-block-social-link-anchor\" target=\"_blank\"><svg width=\"24\" height=\"24\" viewBox=\"0 0 24 24\" version=\"1.1\" xmlns=\"http:\/\/www.w3.org\/2000\/svg\" aria-hidden=\"true\" focusable=\"false\"><path d=\"M5.27 9.221A2.775 2.775 0 0 0 2.498 11.993a2.785 2.785 0 0 0 1.6 2.511 5.337 5.337 0 0 0 2.374 4.11 9.386 9.386 0 0 0 5.539 1.7 9.386 9.386 0 0 0 5.541-1.7 5.331 5.331 0 0 0 2.372-4.114 2.787 2.787 0 0 0 1.583-2.5 2.775 2.775 0 0 0-2.772-2.772 2.742 2.742 0 0 0-1.688.574 9.482 9.482 0 0 0-4.637-1.348v-.008a2.349 2.349 0 0 1 2.011-2.316 1.97 1.97 0 0 0 1.926 1.521 1.98 1.98 0 0 0 1.978-1.978 1.98 1.98 0 0 0-1.978-1.978 1.985 1.985 0 0 0-1.938 1.578 3.183 3.183 0 0 0-2.849 3.172v.011a9.463 9.463 0 0 0-4.59 1.35 2.741 2.741 0 0 0-1.688-.574Zm6.736 9.1a3.162 3.162 0 0 1-2.921-1.944.215.215 0 0 1 .014-.2.219.219 0 0 1 .168-.106 27.327 27.327 0 0 1 2.74-.133 27.357 27.357 0 0 1 2.74.133.219.219 0 0 1 .168.106.215.215 0 0 1 .014.2 3.158 3.158 0 0 1-2.921 1.944Zm3.743-3.157a1.265 1.265 0 0 1-1.4-1.371 1.954 1.954 0 0 1 .482-1.442 1.15 1.15 0 0 1 .842-.379 1.7 1.7 0 0 1 1.49 1.777 1.323 1.323 0 0 1-.325 1.015 1.476 1.476 0 0 1-1.089.4Zm-7.485 0a1.476 1.476 0 0 1-1.086-.4 1.323 1.323 0 0 1-.325-1.016 1.7 1.7 0 0 1 1.49-1.777 1.151 1.151 0 0 1 .843.379 1.951 1.951 0 0 1 .481 1.441 1.276 1.276 0 0 1-1.403 1.373Z\"><\/path><\/svg><span class=\"wp-block-social-link-label screen-reader-text\">Reddit<\/span><\/a><\/li>\n\n<li class=\"wp-social-link wp-social-link-youtube  wp-block-social-link\"><a rel=\"me noopener\" href=\"https:\/\/www.youtube.com\/@Sasha7-Media\/\" class=\"wp-block-social-link-anchor\" target=\"_blank\"><svg width=\"24\" height=\"24\" viewBox=\"0 0 24 24\" version=\"1.1\" xmlns=\"http:\/\/www.w3.org\/2000\/svg\" aria-hidden=\"true\" focusable=\"false\"><path d=\"M21.8,8.001c0,0-0.195-1.378-0.795-1.985c-0.76-0.797-1.613-0.801-2.004-0.847c-2.799-0.202-6.997-0.202-6.997-0.202 h-0.009c0,0-4.198,0-6.997,0.202C4.608,5.216,3.756,5.22,2.995,6.016C2.395,6.623,2.2,8.001,2.2,8.001S2,9.62,2,11.238v1.517 c0,1.618,0.2,3.237,0.2,3.237s0.195,1.378,0.795,1.985c0.761,0.797,1.76,0.771,2.205,0.855c1.6,0.153,6.8,0.201,6.8,0.201 s4.203-0.006,7.001-0.209c0.391-0.047,1.243-0.051,2.004-0.847c0.6-0.607,0.795-1.985,0.795-1.985s0.2-1.618,0.2-3.237v-1.517 C22,9.62,21.8,8.001,21.8,8.001z M9.935,14.594l-0.001-5.62l5.404,2.82L9.935,14.594z\"><\/path><\/svg><span class=\"wp-block-social-link-label screen-reader-text\">YouTube<\/span><\/a><\/li>\n\n<li class=\"wp-social-link wp-social-link-tiktok  wp-block-social-link\"><a rel=\"me noopener\" href=\"https:\/\/www.tiktok.com\/@sasha7_official\" class=\"wp-block-social-link-anchor\" target=\"_blank\"><svg width=\"24\" height=\"24\" viewBox=\"0 0 32 32\" version=\"1.1\" xmlns=\"http:\/\/www.w3.org\/2000\/svg\" aria-hidden=\"true\" focusable=\"false\"><path d=\"M16.708 0.027c1.745-0.027 3.48-0.011 5.213-0.027 0.105 2.041 0.839 4.12 2.333 5.563 1.491 1.479 3.6 2.156 5.652 2.385v5.369c-1.923-0.063-3.855-0.463-5.6-1.291-0.76-0.344-1.468-0.787-2.161-1.24-0.009 3.896 0.016 7.787-0.025 11.667-0.104 1.864-0.719 3.719-1.803 5.255-1.744 2.557-4.771 4.224-7.88 4.276-1.907 0.109-3.812-0.411-5.437-1.369-2.693-1.588-4.588-4.495-4.864-7.615-0.032-0.667-0.043-1.333-0.016-1.984 0.24-2.537 1.495-4.964 3.443-6.615 2.208-1.923 5.301-2.839 8.197-2.297 0.027 1.975-0.052 3.948-0.052 5.923-1.323-0.428-2.869-0.308-4.025 0.495-0.844 0.547-1.485 1.385-1.819 2.333-0.276 0.676-0.197 1.427-0.181 2.145 0.317 2.188 2.421 4.027 4.667 3.828 1.489-0.016 2.916-0.88 3.692-2.145 0.251-0.443 0.532-0.896 0.547-1.417 0.131-2.385 0.079-4.76 0.095-7.145 0.011-5.375-0.016-10.735 0.025-16.093z\" \/><\/svg><span class=\"wp-block-social-link-label screen-reader-text\">TikTok<\/span><\/a><\/li>\n\n<li class=\"wp-social-link wp-social-link-tumblr  wp-block-social-link\"><a rel=\"me noopener\" href=\"https:\/\/www.tumblr.com\/sasha7-official\" class=\"wp-block-social-link-anchor\" target=\"_blank\"><svg width=\"24\" height=\"24\" viewBox=\"0 0 24 24\" version=\"1.1\" xmlns=\"http:\/\/www.w3.org\/2000\/svg\" aria-hidden=\"true\" focusable=\"false\"><path d=\"M17.04 21.28h-3.28c-2.84 0-4.94-1.37-4.94-5.02v-5.67H6.08V7.5c2.93-.73 4.11-3.3 4.3-5.48h3.01v4.93h3.47v3.65H13.4v4.93c0 1.47.73 2.01 1.92 2.01h1.73v3.75z\" \/><\/path><\/svg><span class=\"wp-block-social-link-label screen-reader-text\">Tumblr<\/span><\/a><\/li>\n\n<li class=\"wp-social-link wp-social-link-x  wp-block-social-link\"><a rel=\"me\" href=\"https:\/\/x.com\/Sasha7_Official\" class=\"wp-block-social-link-anchor\"><svg width=\"24\" height=\"24\" viewBox=\"0 0 24 24\" version=\"1.1\" xmlns=\"http:\/\/www.w3.org\/2000\/svg\" aria-hidden=\"true\" focusable=\"false\"><path d=\"M13.982 10.622 20.54 3h-1.554l-5.693 6.618L8.745 3H3.5l6.876 10.007L3.5 21h1.554l6.012-6.989L15.868 21h5.245l-7.131-10.378Zm-2.128 2.474-.697-.997-5.543-7.93H8l4.474 6.4.697.996 5.815 8.318h-2.387l-4.745-6.787Z\" \/><\/svg><span class=\"wp-block-social-link-label screen-reader-text\">X<\/span><\/a><\/li>\n\n<li class=\"wp-social-link wp-social-link-bluesky  wp-block-social-link\"><a rel=\"me noopener\" href=\"https:\/\/bsky.app\/profile\/sasha7-official.bsky.social\" class=\"wp-block-social-link-anchor\" target=\"_blank\"><svg width=\"24\" height=\"24\" viewBox=\"0 0 24 24\" version=\"1.1\" xmlns=\"http:\/\/www.w3.org\/2000\/svg\" aria-hidden=\"true\" focusable=\"false\"><path d=\"M6.3,4.2c2.3,1.7,4.8,5.3,5.7,7.2.9-1.9,3.4-5.4,5.7-7.2,1.7-1.3,4.3-2.2,4.3.9s-.4,5.2-.6,5.9c-.7,2.6-3.3,3.2-5.6,2.8,4,.7,5.1,3,2.9,5.3-5,5.2-6.7-2.8-6.7-2.8,0,0-1.7,8-6.7,2.8-2.2-2.3-1.2-4.6,2.9-5.3-2.3.4-4.9-.3-5.6-2.8-.2-.7-.6-5.3-.6-5.9,0-3.1,2.7-2.1,4.3-.9h0Z\"><\/path><\/svg><span class=\"wp-block-social-link-label screen-reader-text\">Bluesky<\/span><\/a><\/li>\n\n<li class=\"wp-social-link wp-social-link-instagram  wp-block-social-link\"><a rel=\"me noopener\" href=\"https:\/\/www.instagram.com\/sasha7.official\/\" class=\"wp-block-social-link-anchor\" target=\"_blank\"><svg width=\"24\" height=\"24\" viewBox=\"0 0 24 24\" version=\"1.1\" xmlns=\"http:\/\/www.w3.org\/2000\/svg\" aria-hidden=\"true\" focusable=\"false\"><path d=\"M12,4.622c2.403,0,2.688,0.009,3.637,0.052c0.877,0.04,1.354,0.187,1.671,0.31c0.42,0.163,0.72,0.358,1.035,0.673 c0.315,0.315,0.51,0.615,0.673,1.035c0.123,0.317,0.27,0.794,0.31,1.671c0.043,0.949,0.052,1.234,0.052,3.637 s-0.009,2.688-0.052,3.637c-0.04,0.877-0.187,1.354-0.31,1.671c-0.163,0.42-0.358,0.72-0.673,1.035 c-0.315,0.315-0.615,0.51-1.035,0.673c-0.317,0.123-0.794,0.27-1.671,0.31c-0.949,0.043-1.233,0.052-3.637,0.052 s-2.688-0.009-3.637-0.052c-0.877-0.04-1.354-0.187-1.671-0.31c-0.42-0.163-0.72-0.358-1.035-0.673 c-0.315-0.315-0.51-0.615-0.673-1.035c-0.123-0.317-0.27-0.794-0.31-1.671C4.631,14.688,4.622,14.403,4.622,12 s0.009-2.688,0.052-3.637c0.04-0.877,0.187-1.354,0.31-1.671c0.163-0.42,0.358-0.72,0.673-1.035 c0.315-0.315,0.615-0.51,1.035-0.673c0.317-0.123,0.794-0.27,1.671-0.31C9.312,4.631,9.597,4.622,12,4.622 M12,3 C9.556,3,9.249,3.01,8.289,3.054C7.331,3.098,6.677,3.25,6.105,3.472C5.513,3.702,5.011,4.01,4.511,4.511 c-0.5,0.5-0.808,1.002-1.038,1.594C3.25,6.677,3.098,7.331,3.054,8.289C3.01,9.249,3,9.556,3,12c0,2.444,0.01,2.751,0.054,3.711 c0.044,0.958,0.196,1.612,0.418,2.185c0.23,0.592,0.538,1.094,1.038,1.594c0.5,0.5,1.002,0.808,1.594,1.038 c0.572,0.222,1.227,0.375,2.185,0.418C9.249,20.99,9.556,21,12,21s2.751-0.01,3.711-0.054c0.958-0.044,1.612-0.196,2.185-0.418 c0.592-0.23,1.094-0.538,1.594-1.038c0.5-0.5,0.808-1.002,1.038-1.594c0.222-0.572,0.375-1.227,0.418-2.185 C20.99,14.751,21,14.444,21,12s-0.01-2.751-0.054-3.711c-0.044-0.958-0.196-1.612-0.418-2.185c-0.23-0.592-0.538-1.094-1.038-1.594 c-0.5-0.5-1.002-0.808-1.594-1.038c-0.572-0.222-1.227-0.375-2.185-0.418C14.751,3.01,14.444,3,12,3L12,3z M12,7.378 c-2.552,0-4.622,2.069-4.622,4.622S9.448,16.622,12,16.622s4.622-2.069,4.622-4.622S14.552,7.378,12,7.378z M12,15 c-1.657,0-3-1.343-3-3s1.343-3,3-3s3,1.343,3,3S13.657,15,12,15z M16.804,6.116c-0.596,0-1.08,0.484-1.08,1.08 s0.484,1.08,1.08,1.08c0.596,0,1.08-0.484,1.08-1.08S17.401,6.116,16.804,6.116z\"><\/path><\/svg><span class=\"wp-block-social-link-label screen-reader-text\">Instagram<\/span><\/a><\/li><\/ul>\n\n\n\n<h3 class=\"wp-block-heading\">Deseja cancelar sua assinatura ou excluir seu perfil?<\/h3>\n\n\n\n<p>Entendemos que as circunst\u00e2ncias podem mudar. Se voc\u00ea deseja excluir seu perfil ou cancelar sua assinatura, tornamos o processo r\u00e1pido, f\u00e1cil e totalmente gratuito.<\/p>\n\n\n\n<p>Para obter instru\u00e7\u00f5es passo a passo sobre como excluir seu perfil ou cancelar sua assinatura, acesse <a href=\"https:\/\/sasha7.com\/blog\/cancelando-ou-excluindo-seu-perfil\/\">esta p\u00e1gina<\/a>.<\/p>\n\n\n\n<p>Se voc\u00ea tiver alguma d\u00favida ou precisar de mais assist\u00eancia, n\u00e3o hesite em entrar em contato conosco. Estamos aqui para ajudar!<\/p>\n\n\n\n<h3 class=\"wp-block-heading\">Contribui\u00e7\u00f5es de Convidados:<\/h3>\n\n\n\n<p>Se tiver interesse em escrever para o nosso blog ou colaborar conosco, por favor, inclua uma breve descri\u00e7\u00e3o da sua ideia ao entrar em contato. Adoramos compartilhar vozes e perspectivas diversas!<\/p>\n\n\n\n<h3 class=\"wp-block-heading\">Feedback e Sugest\u00f5es:<\/h3>\n\n\n\n<p>Sua opini\u00e3o \u00e9 inestim\u00e1vel para n\u00f3s. Se tiver sugest\u00f5es de t\u00f3picos que gostaria de ver abordados ou qualquer outro feedback sobre nosso conte\u00fado, n\u00e3o hesite em nos informar.<\/p>\n\n\n\n<p>Obrigado por visitar a Sasha7! Agradecemos seu apoio e esperamos ouvir de voc\u00ea.<\/p>\n\n\n\n<p>2743206 Ontario Inc., Sasha7, Toronto \u2013 Ont\u00e1rio \u2013 Canad\u00e1<\/p>\n\n\n\n<h3 class=\"wp-block-heading\"><strong>Recursos e Suporte<\/strong><\/h3>\n\n\n\n<ul class=\"wp-block-list\">\n<li><strong><a href=\"https:\/\/sasha7.com\/blog\/perguntas-frequentes\/\" target=\"_blank\" rel=\"noreferrer noopener\">Perguntas Frequentes<\/a><\/strong> (FAQ)<\/li>\n\n\n\n<li><strong><a href=\"https:\/\/sasha7.com\/blog\/fraudes-e-seguranca\/\" target=\"_blank\" rel=\"noreferrer noopener\">Fraudes e Seguran\u00e7a<\/a><\/strong><\/li>\n\n\n\n<li><strong><a href=\"https:\/\/sasha7.com\/blog\/politica-de-privacidade\/\" target=\"_blank\" rel=\"noreferrer noopener\">Pol\u00edtica de Privacidade<\/a><\/strong><\/li>\n\n\n\n<li><strong><a href=\"https:\/\/sasha7.com\/blog\/termos-e-condicoes\/\" target=\"_blank\" rel=\"noreferrer noopener\">Termos e Condi\u00e7\u00f5es<\/a><\/strong><\/li>\n\n\n\n<li><strong><a href=\"https:\/\/sasha7.com\/blog\/politica-de-ciberseguranca\/\" target=\"_blank\" rel=\"noreferrer noopener\">Pol\u00edtica de Ciberseguran\u00e7a<\/a><\/strong><\/li>\n\n\n\n<li><strong><a href=\"https:\/\/sasha7.com\/blog\/solicitacoes-legais\/\" target=\"_blank\" rel=\"noreferrer noopener\">Solicita\u00e7\u00f5es Legais<\/a><\/strong><\/li>\n\n\n\n<li><strong><a href=\"https:\/\/sasha7.com\/blog\/politica-de-reclamacoes\/\" target=\"_blank\" rel=\"noreferrer noopener\">Pol\u00edtica de Reclama\u00e7\u00f5es<\/a><\/strong><\/li>\n\n\n\n<li><strong><a href=\"https:\/\/sasha7.com\/blog\/cancelando-ou-excluindo-seu-perfil\/\" target=\"_blank\" rel=\"noreferrer noopener\">Cancelando ou Excluindo seu Perfil<\/a><\/strong><\/li>\n\n\n\n<li><strong><a href=\"https:\/\/sasha7.com\/blog\/contato\/\" target=\"_blank\" rel=\"noreferrer noopener\">Fale Conosco<\/a><\/strong><\/li>\n<\/ul>\n","protected":false},"excerpt":{"rendered":"<p>Adorar\u00edamos ouvir de voc\u00ea! Se tiver perguntas, feedback ou apenas quiser dizer ol\u00e1, seus pensamentos s\u00e3o importantes para n\u00f3s. Na Sasha7, estamos comprometidos em criar uma comunidade acolhedora e informativa. Entre em contato: Deseja cancelar sua assinatura ou excluir seu perfil? Entendemos que as circunst\u00e2ncias podem mudar. Se voc\u00ea deseja excluir seu perfil ou cancelar&#8230;<\/p>\n","protected":false},"author":2,"featured_media":0,"parent":0,"menu_order":0,"comment_status":"closed","ping_status":"closed","template":"","meta":{"footnotes":""},"class_list":["post-2241","page","type-page","status-publish","hentry"],"_links":{"self":[{"href":"https:\/\/sasha7.com\/blog\/wp-json\/wp\/v2\/pages\/2241","targetHints":{"allow":["GET"]}}],"collection":[{"href":"https:\/\/sasha7.com\/blog\/wp-json\/wp\/v2\/pages"}],"about":[{"href":"https:\/\/sasha7.com\/blog\/wp-json\/wp\/v2\/types\/page"}],"author":[{"embeddable":true,"href":"https:\/\/sasha7.com\/blog\/wp-json\/wp\/v2\/users\/2"}],"replies":[{"embeddable":true,"href":"https:\/\/sasha7.com\/blog\/wp-json\/wp\/v2\/comments?post=2241"}],"version-history":[{"count":8,"href":"https:\/\/sasha7.com\/blog\/wp-json\/wp\/v2\/pages\/2241\/revisions"}],"predecessor-version":[{"id":4459,"href":"https:\/\/sasha7.com\/blog\/wp-json\/wp\/v2\/pages\/2241\/revisions\/4459"}],"wp:attachment":[{"href":"https:\/\/sasha7.com\/blog\/wp-json\/wp\/v2\/media?parent=2241"}],"curies":[{"name":"wp","href":"https:\/\/api.w.org\/{rel}","templated":true}]}}